{"id":130,"date":"2022-06-09T14:35:25","date_gmt":"2022-06-09T12:35:25","guid":{"rendered":"https:\/\/lafermedourania.wordpress.com\/?page_id=130"},"modified":"2025-10-08T14:59:08","modified_gmt":"2025-10-08T12:59:08","slug":"peccram","status":"publish","type":"page","link":"https:\/\/domaine.ourania.fr\/wordpress\/peccram\/","title":{"rendered":"PECCRAM"},"content":{"rendered":"<div class=\"wp-block-image\">\n<figure class=\"aligncenter size-large\"><img decoding=\"async\" loading=\"lazy\" width=\"512\" height=\"289\" src=\"http:\/\/synology.jbwy.fr\/wordpress\/wp-content\/uploads\/2022\/06\/peccram.jpg?w=512\" alt=\"\" class=\"wp-image-132\" srcset=\"https:\/\/domaine.ourania.fr\/wordpress\/wp-content\/uploads\/2022\/06\/peccram.jpg 512w, https:\/\/domaine.ourania.fr\/wordpress\/wp-content\/uploads\/2022\/06\/peccram-300x169.jpg 300w\" sizes=\"(max-width: 512px) 100vw, 512px\" \/><\/figure><\/div>\n\n\n  <meta charset=\"UTF-8\">\n  <meta name=\"viewport\" content=\"width=device-width, initial-scale=1.0\">\n  <title>Programme d&rsquo;\u00c9ducation au Risque de Morsure<\/title>\n  <style>\n    body {\n      font-family: Arial, sans-serif;\n      margin: 0;\n      padding: 0;\n      background-color: #f8f8f8;\n      color: #333;\n    }\n    main {\n      max-width: 800px;\n      margin: 0 auto;\n      padding: 40px 20px;\n    }\n    h1, h2 {\n      color: #4c7031;\n    }\n    .info-box {\n      background: #e6f4ea;\n      padding: 15px;\n      border-left: 5px solid #4c7031;\n      margin: 20px 0;\n    }\n    .important {\n      color: #c0392b;\n      font-weight: bold;\n    }\n  <\/style>\n\n\n  <main>\n    <h1>Programme d\u2019Education \u00e0 la Connaissance du Chien et au Risque d\u2019Accident par Morsure<\/h1>\n    <p>L\u2019objectif est de sensibiliser les enfants au langage canin, leur transmettre les bons gestes \u00e0 avoir en pr\u00e9sence de chiens et leur apprendre \u00e0 se prot\u00e9ger.<\/p>\n    <h2>Quelques chiffres<\/h2>\n    <style>\n  .chiffres-container {\n    display: flex;\n    flex-wrap: wrap;\n    gap: 1rem;\n    font-family: Arial, sans-serif;\n    margin-top: 2rem;\n  }\n\n  .chiffre-bloc {\n    flex: 1 1 300px;\n    background-color: #f9fdf9;\n    border-left: 5px solid #7cbf6d;\n    padding: 1rem 1.5rem;\n    border-radius: 8px;\n    box-shadow: 0 2px 4px rgba(0,0,0,0.05);\n  }\n\n  .chiffre-bloc p {\n    margin: 0;\n    font-size: 1rem;\n    color: #333;\n  }\n<\/style>\n\n<style>\n  .chiffres-stats {\n    display: flex;\n    flex-wrap: wrap;\n    justify-content: center;\n    gap: 1.5rem;\n    margin-top: 2rem;\n    font-family: \"Arial\", sans-serif;\n  }\n\n  .bloc-stat {\n    background-color: #e9f7ed;\n    border-radius: 20px;\n    padding: 1.5rem;\n    width: 280px;\n    text-align: center;\n    box-shadow: 0 4px 10px rgba(0, 0, 0, 0.05);\n    transition: transform 0.2s ease;\n  }\n\n  .bloc-stat:hover {\n    transform: scale(1.03);\n  }\n\n  .bloc-stat .nombre {\n    font-size: 1.8rem;\n    font-weight: bold;\n    color: #3a7747;\n    margin-bottom: 0.5rem;\n  }\n\n  .bloc-stat .texte {\n    font-size: 1rem;\n    color: #444;\n  }\n<\/style>\n\n<style>\n  .chiffres-stats {\n    display: flex;\n    flex-wrap: wrap;\n    justify-content: center;\n    gap: 1.5rem;\n    margin-top: 2rem;\n    font-family: \"Arial\", sans-serif;\n  }\n\n  .bloc-stat {\n    background-color: #3a7747; \/* Vert soutenu *\/\n    border-radius: 20px;\n    padding: 1.5rem;\n    width: 280px;\n    text-align: center;\n    color: white;\n    box-shadow: 0 4px 15px rgba(0, 0, 0, 0.1);\n    transition: transform 0.2s ease, box-shadow 0.2s ease;\n  }\n\n  .bloc-stat:hover {\n    transform: scale(1.03);\n    box-shadow: 0 6px 20px rgba(0, 0, 0, 0.15);\n  }\n\n  .bloc-stat .emoji {\n    font-size: 2rem;\n    margin-bottom: 0.3rem;\n    display: block;\n  }\n\n  .bloc-stat .nombre {\n    font-size: 1.8rem;\n    font-weight: bold;\n    margin-bottom: 0.5rem;\n  }\n\n  .bloc-stat .texte {\n    font-size: 1rem;\n    line-height: 1.4;\n  }\n<\/style>\n\n<style>\n  .chiffres-stats {\n    display: flex;\n    flex-wrap: wrap;\n    justify-content: center;\n    gap: 1.5rem;\n    margin-top: 2rem;\n    font-family: \"Arial\", sans-serif;\n  }\n\n  .bloc-stat {\n    background-color: #e0f3e6; \/* Vert tr\u00e8s clair *\/\n    border-radius: 20px;\n    padding: 1.5rem;\n    width: 280px;\n    text-align: center;\n    color: #1e4620; \/* Vert fonc\u00e9 lisible *\/\n    box-shadow: 0 4px 15px rgba(0, 0, 0, 0.05);\n    transition: transform 0.2s ease, box-shadow 0.2s ease;\n  }\n\n  .bloc-stat:hover {\n    transform: scale(1.03);\n    box-shadow: 0 6px 20px rgba(0, 0, 0, 0.15);\n  }\n\n  .bloc-stat .emoji {\n    font-size: 2rem;\n    margin-bottom: 0.5rem;\n    display: block;\n  }\n\n  .bloc-stat .nombre {\n    font-size: 2rem;\n    font-weight: bold;\n    color: #114d35; \/* Encore plus fonc\u00e9 pour les chiffres *\/\n    margin-bottom: 0.5rem;\n  }\n\n  .bloc-stat .texte {\n    font-size: 1rem;\n    line-height: 1.4;\n  }\n<\/style>\n\n<div class=\"chiffres-stats\">\n  <div class=\"bloc-stat\">\n    <span class=\"emoji\">\ud83d\udc36<\/span>\n    <div class=\"nombre\">7 millions<\/div>\n    <div class=\"texte\">de chiens en France<\/div>\n  <\/div>\n  <div class=\"bloc-stat\">\n    <span class=\"emoji\">\ud83d\ude91<\/span>\n    <div class=\"nombre\">22\u202f000<\/div>\n    <div class=\"texte\">cas de morsures entra\u00eenent une hospitalisation<\/div>\n  <\/div>\n  <div class=\"bloc-stat\">\n    <span class=\"emoji\">\ud83e\udd15<\/span>\n    <div class=\"nombre\">50\u202f%<\/div>\n    <div class=\"texte\">des blessures sont au visage ou au cr\u00e2ne chez les 5\u20139 ans<\/div>\n  <\/div>\n  <div class=\"bloc-stat\">\n    <span class=\"emoji\">\ud83d\udc76<\/span>\n    <div class=\"nombre\">50 \u00e0 65\u202f%<\/div>\n    <div class=\"texte\">des enfants de 3 \u00e0 5 ans ne reconnaissent pas un chien stress\u00e9<\/div>\n  <\/div>\n<\/div>\n\n    <div class=\"info-box\">\n      <p><strong>Pourquoi de tels chiffres ?<\/strong><br>\n      Parce que les enfants ne comprennent pas le langage canin.<br>\n      <span class=\"important\">Si ces m\u00eames enfants sont \u00e9duqu\u00e9s au langage canin, la proportion tombe alors \u00e0 17 % !<\/span><br>\n      Ce programme est reconnu par le Minist\u00e8re de l\u2019Agriculture et la communaut\u00e9 scientifique v\u00e9t\u00e9rinaire.<\/p>\n    <\/div>\n    <p>N\u2019h\u00e9sitez pas \u00e0 en parler autour de vous, nos enfants sont nos ambassadeurs !<\/p>\n    <p><em>J\u2019ai \u00e9t\u00e9 form\u00e9e et j\u2019ai re\u00e7u l\u2019attestation de Mme Chantal Hazard<\/em><\/p>\n    <h2>Au programme :<\/h2>\n    <ul>\n      <li>Reconna\u00eetre les \u00e9motions du chien<\/li>\n      <li>Faire le lien entre nos \u00e9motions et celles du chien<\/li>\n      <li>Les bons et mauvais comportements aux c\u00f4t\u00e9s du chien<\/li>\n    <\/ul>\n    <h2>Informations pratiques<\/h2>\n  <style>\n  .infos-activite {\n    display: flex;\n    flex-wrap: wrap;\n    justify-content: center;\n    gap: 1.5rem;\n    margin-top: 2rem;\n    font-family: \"Arial\", sans-serif;\n  }\n\n  .bloc-info {\n    background-color: #e0f3e6;\n    border-radius: 20px;\n    padding: 1.5rem;\n    width: 220px;\n    text-align: center;\n    color: #1e4620;\n    box-shadow: 0 4px 15px rgba(0, 0, 0, 0.05);\n    transition: transform 0.2s ease, box-shadow 0.2s ease;\n  }\n\n  .bloc-info:hover {\n    transform: scale(1.03);\n    box-shadow: 0 6px 20px rgba(0, 0, 0, 0.15);\n  }\n\n  .bloc-info .emoji {\n    font-size: 2rem;\n    margin-bottom: 0.5rem;\n    display: block;\n  }\n\n  .bloc-info .titre {\n    font-size: 1.8rem;\n    font-weight: bold;\n    color: #114d35;\n    margin-bottom: 0.3rem;\n  }\n\n  .bloc-info .texte {\n    font-size: 1rem;\n    line-height: 1.4;\n  }\n<\/style>\n\n<div class=\"infos-activite\">\n  <div class=\"bloc-info\">\n    <span class=\"emoji\">\ud83c\udf82<\/span>\n    <div class=\"titre\">3\u201314 ans<\/div>\n <div class=\"texte\">\u00c2ge recommand\u00e9<\/div>\n  <\/div>\n  <div class=\"bloc-info\">\n    <span class=\"emoji\">\u23f1\ufe0f<\/span>\n    <div class=\"titre\">1 heure<\/div>\n    <div class=\"texte\">Dur\u00e9e de l&rsquo;activit\u00e9<\/div>\n  <\/div>\n  <div class=\"bloc-info\">\n    <span class=\"emoji\">\ud83d\udcb6<\/span>\n    <div class=\"titre\">5 \u20ac<\/div>\n    <div class=\"texte\">par enfant<\/div>\n  <\/div>\n  <div class=\"bloc-info\">\n    <span class=\"emoji\">\ud83d\udc67\ud83d\udc66<\/span>\n    <div class=\"titre\">5 enfants max<\/div>\n    <div class=\"texte\">par groupe<\/div>\n  <\/div>\n<\/div>\n\n  <\/main>\n\n\n\n\n\n<div class=\"wp-block-contact-form-7-contact-form-selector\"><div role=\"form\" class=\"wpcf7\" id=\"wpcf7-f753-o1\" lang=\"fr-FR\" dir=\"ltr\">\n<div class=\"screen-reader-response\"><p role=\"status\" aria-live=\"polite\" aria-atomic=\"true\"><\/p> <ul><\/ul><\/div>\n<form action=\"\/wordpress\/wp-json\/wp\/v2\/pages\/130#wpcf7-f753-o1\" method=\"post\" class=\"wpcf7-form init\" novalidate=\"novalidate\" data-status=\"init\">\n<div style=\"display: none;\">\n<input type=\"hidden\" name=\"_wpcf7\" value=\"753\" \/>\n<input type=\"hidden\" name=\"_wpcf7_version\" value=\"5.5.6.1\" \/>\n<input type=\"hidden\" name=\"_wpcf7_locale\" value=\"fr_FR\" \/>\n<input type=\"hidden\" name=\"_wpcf7_unit_tag\" value=\"wpcf7-f753-o1\" \/>\n<input type=\"hidden\" name=\"_wpcf7_container_post\" value=\"0\" \/>\n<input type=\"hidden\" name=\"_wpcf7_posted_data_hash\" value=\"\" \/>\n<\/div>\n<p><label> Votre nom<br \/>\n    <span class=\"wpcf7-form-control-wrap your-name\"><input type=\"text\" name=\"your-name\" value=\"\" size=\"40\" class=\"wpcf7-form-control wpcf7-text wpcf7-validates-as-required\" aria-required=\"true\" aria-invalid=\"false\" \/><\/span> <\/label><\/p>\n<p><label> Votre e-mail<br \/>\n    <span class=\"wpcf7-form-control-wrap your-email\"><input type=\"email\" name=\"your-email\" value=\"\" size=\"40\" class=\"wpcf7-form-control wpcf7-text wpcf7-email wpcf7-validates-as-required wpcf7-validates-as-email\" aria-required=\"true\" aria-invalid=\"false\" \/><\/span> <\/label><\/p>\n<p><label> T\u00e9l\u00e9phone<br \/>\n<span class=\"wpcf7-form-control-wrap Telephone\"><input type=\"tel\" name=\"Telephone\" value=\"\" size=\"40\" class=\"wpcf7-form-control wpcf7-text wpcf7-tel wpcf7-validates-as-required wpcf7-validates-as-tel\" aria-required=\"true\" aria-invalid=\"false\" \/><\/span> <\/label><\/p>\n<p><label> Nombre d'enfants<br \/>\n<span class=\"wpcf7-form-control-wrap Nombredenfants\"><input type=\"number\" name=\"Nombredenfants\" value=\"\" class=\"wpcf7-form-control wpcf7-number wpcf7-validates-as-required wpcf7-validates-as-number\" max=\"5\" aria-required=\"true\" aria-invalid=\"false\" \/><\/span> <\/label><\/p>\n<p><label> Date souhait\u00e9e<br \/>\n<span class=\"wpcf7-form-control-wrap Datedepart\"><input type=\"text\" name=\"Datedepart\" value=\"\" size=\"40\" class=\"wpcf7-form-control wpcf7-text wpcf7-validates-as-required\" aria-required=\"true\" aria-invalid=\"false\" placeholder=\"JJ\/MM\/AAAA\" \/><\/span> <\/label><\/p>\n<p><label> Votre message (facultatif)<br \/>\n    <span class=\"wpcf7-form-control-wrap your-message\"><textarea name=\"your-message\" cols=\"40\" rows=\"10\" class=\"wpcf7-form-control wpcf7-textarea\" aria-invalid=\"false\"><\/textarea><\/span> <\/label><\/p>\n<p><input type=\"submit\" value=\"Envoyer\" class=\"wpcf7-form-control has-spinner wpcf7-submit\" \/><\/p>\n<div class=\"wpcf7-response-output\" aria-hidden=\"true\"><\/div><\/form><\/div><\/div>\n","protected":false},"excerpt":{"rendered":"<p>Programme d&rsquo;\u00c9ducation au Risque de Morsure Programme d\u2019Education \u00e0 la Connaissance du Chien et au Risque d\u2019Accident par Morsure L\u2019objectif est de sensibiliser les enfants au langage canin, leur transmettre les bons gestes \u00e0 avoir en pr\u00e9sence de chiens et leur apprendre \u00e0 se prot\u00e9ger. Quelques chiffres \ud83d\udc36 7 millions de chiens en France \ud83d\ude91 &hellip; <\/p>\n","protected":false},"author":2,"featured_media":0,"parent":0,"menu_order":0,"comment_status":"closed","ping_status":"closed","template":"","meta":[],"_links":{"self":[{"href":"https:\/\/domaine.ourania.fr\/wordpress\/wp-json\/wp\/v2\/pages\/130"}],"collection":[{"href":"https:\/\/domaine.ourania.fr\/wordpress\/wp-json\/wp\/v2\/pages"}],"about":[{"href":"https:\/\/domaine.ourania.fr\/wordpress\/wp-json\/wp\/v2\/types\/page"}],"author":[{"embeddable":true,"href":"https:\/\/domaine.ourania.fr\/wordpress\/wp-json\/wp\/v2\/users\/2"}],"replies":[{"embeddable":true,"href":"https:\/\/domaine.ourania.fr\/wordpress\/wp-json\/wp\/v2\/comments?post=130"}],"version-history":[{"count":6,"href":"https:\/\/domaine.ourania.fr\/wordpress\/wp-json\/wp\/v2\/pages\/130\/revisions"}],"predecessor-version":[{"id":784,"href":"https:\/\/domaine.ourania.fr\/wordpress\/wp-json\/wp\/v2\/pages\/130\/revisions\/784"}],"wp:attachment":[{"href":"https:\/\/domaine.ourania.fr\/wordpress\/wp-json\/wp\/v2\/media?parent=130"}],"curies":[{"name":"wp","href":"https:\/\/api.w.org\/{rel}","templated":true}]}}