{"id":142,"date":"2022-06-09T14:53:40","date_gmt":"2022-06-09T12:53:40","guid":{"rendered":"https:\/\/lafermedourania.wordpress.com\/?page_id=142"},"modified":"2025-05-27T14:45:03","modified_gmt":"2025-05-27T12:45:03","slug":"nos-compagnons","status":"publish","type":"page","link":"https:\/\/domaine.ourania.fr\/wordpress\/nos-compagnons\/","title":{"rendered":"Nos compagnons"},"content":{"rendered":"\n<p class=\"has-text-align-justify\"><em>Les animaux \u00e9tant&nbsp;des \u00eatres vivants sensibles, on s\u2019engage \u00e0 les respecter, les soigner et \u00e0 rester attentive \u00e0 leur bien \u00eatre.<br>Ils sont des \u00eatres \u00e0 part enti\u00e8re, avec leurs humeurs, leurs caract\u00e8res et leurs limites.<br>Nous pouvons donc&nbsp;choisir de&nbsp;ne pas faire intervenir ou d\u2019interrompre&nbsp;la participation&nbsp;d\u2019un&nbsp;compagnon pr\u00e9sentant un&nbsp;signe de fatigue ou de contrari\u00e9t\u00e9 lors d\u2019une&nbsp;s\u00e9ance.<\/em><\/p>\n\n\n\n<div class=\"wp-block-media-text alignwide is-stacked-on-mobile\" style=\"grid-template-columns:15% auto\"><figure class=\"wp-block-media-text__media\"><img decoding=\"async\" src=\"https:\/\/domaine.ourania.fr\/wordpress\/wp-content\/uploads\/2023\/06\/Ruben-683x1024.jpg\" alt=\"\" class=\"wp-image-410 size-full\"\/><\/figure><div class=\"wp-block-media-text__content\">\n<p>Ruben &#8211; Berger Australien de 5 ans, loulou tr\u00e8s actif sachant faire preuve d&rsquo;\u00e9norme tendresse.<\/p>\n<\/div><\/div>\n\n\n\n<div class=\"wp-block-media-text alignwide is-stacked-on-mobile\" style=\"grid-template-columns:15% auto\"><figure class=\"wp-block-media-text__media\"><img decoding=\"async\" loading=\"lazy\" width=\"1365\" height=\"2048\" src=\"http:\/\/synology.jbwy.fr\/wordpress\/wp-content\/uploads\/2022\/06\/278962564_434915098442436_8845821097922543100_n.jpg?w=683\" alt=\"\" class=\"wp-image-182 size-full\" srcset=\"https:\/\/domaine.ourania.fr\/wordpress\/wp-content\/uploads\/2022\/06\/278962564_434915098442436_8845821097922543100_n.jpg 1365w, https:\/\/domaine.ourania.fr\/wordpress\/wp-content\/uploads\/2022\/06\/278962564_434915098442436_8845821097922543100_n-600x900.jpg 600w, https:\/\/domaine.ourania.fr\/wordpress\/wp-content\/uploads\/2022\/06\/278962564_434915098442436_8845821097922543100_n-200x300.jpg 200w, https:\/\/domaine.ourania.fr\/wordpress\/wp-content\/uploads\/2022\/06\/278962564_434915098442436_8845821097922543100_n-683x1024.jpg 683w, https:\/\/domaine.ourania.fr\/wordpress\/wp-content\/uploads\/2022\/06\/278962564_434915098442436_8845821097922543100_n-768x1152.jpg 768w, https:\/\/domaine.ourania.fr\/wordpress\/wp-content\/uploads\/2022\/06\/278962564_434915098442436_8845821097922543100_n-1024x1536.jpg 1024w\" sizes=\"(max-width: 1365px) 100vw, 1365px\" \/><\/figure><div class=\"wp-block-media-text__content\">\n<p>Bihan &#8211; Cheval d&rsquo;une extr\u00eame gentillesse qui adore se faire brosser et c\u00e2liner.<\/p>\n<\/div><\/div>\n\n\n\n<div class=\"wp-block-media-text alignwide is-stacked-on-mobile\" style=\"grid-template-columns:15% auto\"><figure class=\"wp-block-media-text__media\"><img decoding=\"async\" loading=\"lazy\" width=\"1028\" height=\"699\" src=\"http:\/\/synology.jbwy.fr\/wordpress\/wp-content\/uploads\/2022\/06\/285495578_347261160845977_7857732415746060908_n2.jpg?w=1024\" alt=\"\" class=\"wp-image-187 size-full\" srcset=\"https:\/\/domaine.ourania.fr\/wordpress\/wp-content\/uploads\/2022\/06\/285495578_347261160845977_7857732415746060908_n2.jpg 1028w, https:\/\/domaine.ourania.fr\/wordpress\/wp-content\/uploads\/2022\/06\/285495578_347261160845977_7857732415746060908_n2-600x408.jpg 600w, https:\/\/domaine.ourania.fr\/wordpress\/wp-content\/uploads\/2022\/06\/285495578_347261160845977_7857732415746060908_n2-300x204.jpg 300w, https:\/\/domaine.ourania.fr\/wordpress\/wp-content\/uploads\/2022\/06\/285495578_347261160845977_7857732415746060908_n2-1024x696.jpg 1024w, https:\/\/domaine.ourania.fr\/wordpress\/wp-content\/uploads\/2022\/06\/285495578_347261160845977_7857732415746060908_n2-768x522.jpg 768w\" sizes=\"(max-width: 1028px) 100vw, 1028px\" \/><\/figure><div class=\"wp-block-media-text__content\">\n<p>Corneille &amp; Bernie &#8211; Deux adorables boucs de 4 ans<\/p>\n<\/div><\/div>\n\n\n\n<p>Nous avons \u00e9galement les poules, les oies, les chats.<\/p>\n","protected":false},"excerpt":{"rendered":"<p>Les animaux \u00e9tant&nbsp;des \u00eatres vivants sensibles, on s\u2019engage \u00e0 les respecter, les soigner et \u00e0 rester attentive \u00e0 leur bien \u00eatre.Ils sont des \u00eatres \u00e0 part enti\u00e8re, avec leurs humeurs, leurs caract\u00e8res et leurs limites.Nous pouvons donc&nbsp;choisir de&nbsp;ne pas faire intervenir ou d\u2019interrompre&nbsp;la participation&nbsp;d\u2019un&nbsp;compagnon pr\u00e9sentant un&nbsp;signe de fatigue ou de contrari\u00e9t\u00e9 lors d\u2019une&nbsp;s\u00e9ance. Ruben &#8211; &hellip; <\/p>\n","protected":false},"author":2,"featured_media":0,"parent":0,"menu_order":0,"comment_status":"closed","ping_status":"closed","template":"","meta":[],"_links":{"self":[{"href":"https:\/\/domaine.ourania.fr\/wordpress\/wp-json\/wp\/v2\/pages\/142"}],"collection":[{"href":"https:\/\/domaine.ourania.fr\/wordpress\/wp-json\/wp\/v2\/pages"}],"about":[{"href":"https:\/\/domaine.ourania.fr\/wordpress\/wp-json\/wp\/v2\/types\/page"}],"author":[{"embeddable":true,"href":"https:\/\/domaine.ourania.fr\/wordpress\/wp-json\/wp\/v2\/users\/2"}],"replies":[{"embeddable":true,"href":"https:\/\/domaine.ourania.fr\/wordpress\/wp-json\/wp\/v2\/comments?post=142"}],"version-history":[{"count":6,"href":"https:\/\/domaine.ourania.fr\/wordpress\/wp-json\/wp\/v2\/pages\/142\/revisions"}],"predecessor-version":[{"id":647,"href":"https:\/\/domaine.ourania.fr\/wordpress\/wp-json\/wp\/v2\/pages\/142\/revisions\/647"}],"wp:attachment":[{"href":"https:\/\/domaine.ourania.fr\/wordpress\/wp-json\/wp\/v2\/media?parent=142"}],"curies":[{"name":"wp","href":"https:\/\/api.w.org\/{rel}","templated":true}]}}