{"id":363,"date":"2023-06-07T14:18:35","date_gmt":"2023-06-07T12:18:35","guid":{"rendered":"https:\/\/domaine.ourania.fr\/wordpress\/?page_id=363"},"modified":"2025-05-28T14:55:55","modified_gmt":"2025-05-28T12:55:55","slug":"activite-a-la-ferme","status":"publish","type":"page","link":"https:\/\/domaine.ourania.fr\/wordpress\/activite-a-la-ferme\/","title":{"rendered":"Activit\u00e9 \u00e0 la Ferme"},"content":{"rendered":"\n<!DOCTYPE html>\n<html lang=\"fr\">\n<head>\n  <meta charset=\"UTF-8\">\n  <meta name=\"viewport\" content=\"width=device-width, initial-scale=1.0\">\n  <title>Activit\u00e9 \u00e0 la Ferme<\/title>\n  <style>\n    body {\n      font-family: Arial, sans-serif;\n      margin: 0;\n      padding: 0;\n      background-color: #f8f8f8;\n      color: #333;\n    }\n    main {\n      max-width: 800px;\n      margin: 0 auto;\n      padding: 40px 20px;\n      text-align: center;\n    }\n    h1, h2 {\n      color: #4c7031;\n    }\n    .activite {\n      background: #e6f4ea;\n      padding: 20px;\n      margin: 20px 0;\n      border-left: 5px solid #4c7031;\n      text-align: left;\n    }\n    .important {\n      color: #c0392b;\n      font-weight: bold;\n    }\n  <\/style>\n<\/head>\n<body>\n  <main>\n    <h1>Activit\u00e9 \u00e0 la Ferme<\/h1>\n    <p>Venez passer un moment en famille \u00e0 la ferme !<\/p>\n    <div class=\"activite\">\n      <h2>Au programme :<\/h2>\n      <ul>\n        <li>Activit\u00e9s autour des animaux<\/li>\n        <li>Nourrissage<\/li>\n        <li>Soins<\/li>\n      <\/ul>\n      <h2>Informations pratiques<\/h2>\n      <ul>\n        <li><strong>\u00c2ge :<\/strong> de 1 \u00e0 14 ans<\/li>\n        <li><strong>Dur\u00e9e :<\/strong> 1 heure par famille<\/li>\n        <li><strong>Tarif :<\/strong> 5 \u20ac par enfant<\/li>\n      <\/ul>\n    <\/div>\n    <p>N&rsquo;h\u00e9sitez pas \u00e0 venir passer un moment en famille avec nos animaux. <br>On s&rsquo;adapte \u00e0 tous les enfants.<\/p>\n  <\/main>\n<\/body>\n<\/html>\n\n\n\n<div class=\"wp-block-contact-form-7-contact-form-selector\"><div role=\"form\" class=\"wpcf7\" id=\"wpcf7-f747-o1\" lang=\"fr-FR\" dir=\"ltr\">\n<div class=\"screen-reader-response\"><p role=\"status\" aria-live=\"polite\" aria-atomic=\"true\"><\/p> <ul><\/ul><\/div>\n<form action=\"\/wordpress\/wp-json\/wp\/v2\/pages\/363#wpcf7-f747-o1\" method=\"post\" class=\"wpcf7-form init\" novalidate=\"novalidate\" data-status=\"init\">\n<div style=\"display: none;\">\n<input type=\"hidden\" name=\"_wpcf7\" value=\"747\" \/>\n<input type=\"hidden\" name=\"_wpcf7_version\" value=\"5.5.6.1\" \/>\n<input type=\"hidden\" name=\"_wpcf7_locale\" value=\"fr_FR\" \/>\n<input type=\"hidden\" name=\"_wpcf7_unit_tag\" value=\"wpcf7-f747-o1\" \/>\n<input type=\"hidden\" name=\"_wpcf7_container_post\" value=\"0\" \/>\n<input type=\"hidden\" name=\"_wpcf7_posted_data_hash\" value=\"\" \/>\n<\/div>\n<p><label> Votre nom<br \/>\n    <span class=\"wpcf7-form-control-wrap your-name\"><input type=\"text\" name=\"your-name\" value=\"\" size=\"40\" class=\"wpcf7-form-control wpcf7-text wpcf7-validates-as-required\" aria-required=\"true\" aria-invalid=\"false\" \/><\/span> <\/label><\/p>\n<p><label> Votre e-mail<br \/>\n    <span class=\"wpcf7-form-control-wrap your-email\"><input type=\"email\" name=\"your-email\" value=\"\" size=\"40\" class=\"wpcf7-form-control wpcf7-text wpcf7-email wpcf7-validates-as-required wpcf7-validates-as-email\" aria-required=\"true\" aria-invalid=\"false\" \/><\/span> <\/label><\/p>\n<p><label> T\u00e9l\u00e9phone<br \/>\n<span class=\"wpcf7-form-control-wrap Telephone\"><input type=\"tel\" name=\"Telephone\" value=\"\" size=\"40\" class=\"wpcf7-form-control wpcf7-text wpcf7-tel wpcf7-validates-as-required wpcf7-validates-as-tel\" aria-required=\"true\" aria-invalid=\"false\" \/><\/span> <\/label><\/p>\n<p><label> Nombre d'enfants<br \/>\n<span class=\"wpcf7-form-control-wrap Nombredenfants\"><input type=\"number\" name=\"Nombredenfants\" value=\"\" class=\"wpcf7-form-control wpcf7-number wpcf7-validates-as-required wpcf7-validates-as-number\" max=\"4\" aria-required=\"true\" aria-invalid=\"false\" \/><\/span> <\/label><\/p>\n<p><label> Date souhait\u00e9e<br \/>\n<span class=\"wpcf7-form-control-wrap Datedepart\"><input type=\"text\" name=\"Datedepart\" value=\"\" size=\"40\" class=\"wpcf7-form-control wpcf7-text wpcf7-validates-as-required\" aria-required=\"true\" aria-invalid=\"false\" placeholder=\"JJ\/MM\/AAAA\" \/><\/span> <\/label><\/p>\n<p><label> Heure souhait\u00e9e (16H ou 17H)<br \/>\n<span class=\"wpcf7-form-control-wrap Heure\"><input type=\"text\" name=\"Heure\" value=\"\" size=\"40\" class=\"wpcf7-form-control wpcf7-text wpcf7-validates-as-required\" aria-required=\"true\" aria-invalid=\"false\" \/><\/span> <\/label><\/p>\n<p><label> Votre message (facultatif)<br \/>\n    <span class=\"wpcf7-form-control-wrap your-message\"><textarea name=\"your-message\" cols=\"40\" rows=\"10\" class=\"wpcf7-form-control wpcf7-textarea\" aria-invalid=\"false\"><\/textarea><\/span> <\/label><\/p>\n<p><input type=\"submit\" value=\"Envoyer\" class=\"wpcf7-form-control has-spinner wpcf7-submit\" \/><\/p>\n<div class=\"wpcf7-response-output\" aria-hidden=\"true\"><\/div><\/form><\/div><\/div>\n","protected":false},"excerpt":{"rendered":"<p>Activit\u00e9 \u00e0 la Ferme Activit\u00e9 \u00e0 la Ferme Venez passer un moment en famille \u00e0 la ferme ! Au programme : Activit\u00e9s autour des animaux Nourrissage Soins Informations pratiques \u00c2ge : de 1 \u00e0 14 ans Dur\u00e9e : 1 heure par famille Tarif : 5 \u20ac par enfant N&rsquo;h\u00e9sitez pas \u00e0 venir passer un moment &hellip; <\/p>\n","protected":false},"author":2,"featured_media":0,"parent":0,"menu_order":0,"comment_status":"closed","ping_status":"closed","template":"","meta":[],"_links":{"self":[{"href":"https:\/\/domaine.ourania.fr\/wordpress\/wp-json\/wp\/v2\/pages\/363"}],"collection":[{"href":"https:\/\/domaine.ourania.fr\/wordpress\/wp-json\/wp\/v2\/pages"}],"about":[{"href":"https:\/\/domaine.ourania.fr\/wordpress\/wp-json\/wp\/v2\/types\/page"}],"author":[{"embeddable":true,"href":"https:\/\/domaine.ourania.fr\/wordpress\/wp-json\/wp\/v2\/users\/2"}],"replies":[{"embeddable":true,"href":"https:\/\/domaine.ourania.fr\/wordpress\/wp-json\/wp\/v2\/comments?post=363"}],"version-history":[{"count":14,"href":"https:\/\/domaine.ourania.fr\/wordpress\/wp-json\/wp\/v2\/pages\/363\/revisions"}],"predecessor-version":[{"id":749,"href":"https:\/\/domaine.ourania.fr\/wordpress\/wp-json\/wp\/v2\/pages\/363\/revisions\/749"}],"wp:attachment":[{"href":"https:\/\/domaine.ourania.fr\/wordpress\/wp-json\/wp\/v2\/media?parent=363"}],"curies":[{"name":"wp","href":"https:\/\/api.w.org\/{rel}","templated":true}]}}